{"id":1272,"date":"2019-02-24T22:54:23","date_gmt":"2019-02-24T21:54:23","guid":{"rendered":"https:\/\/ploegtech.com\/?post_type=product&#038;p=1272"},"modified":"2026-04-06T19:25:09","modified_gmt":"2026-04-06T17:25:09","slug":"garmin-edge-1000-screen","status":"publish","type":"product","link":"https:\/\/ploegtech.com\/index.php\/produit\/garmin-edge-1000-screen\/","title":{"rendered":"Garmin Edge 1000 Screen"},"content":{"rendered":"<p>Ecran Garmin Edge 1000 (Frame et LCD)<\/p>\n<p>Ecran de remplacement pour Garmin Edge 1000. Vous avez fait tomber votre Garmin et l\u2019\u00e9cran est cass\u00e9 ? Remplacer le vous-m\u00eame avec notre \u00e9cran et retrouver un GPS comme neuf.<\/p>\n<p>Tous nos \u00e9crans sont test\u00e9s avant l\u2019envoie.<\/p>\n<p>Vous ne vous sentez pas pr\u00eat \u00e0 le remplacer vous-m\u00eame\u00a0? <a href=\"https:\/\/ploegtech.com\/index.php\/contact-us\/\">Contactez-nous\u00a0!<\/a><\/p>\n<p>&nbsp;<\/p>\n<p>Garmin Edge Scherm 1000 (Frame + LCD)<\/p>\n<p>Vervang scherm voor Garmin Edge, U hebt\u00a0 uw Garmin laten vallen en het scherm is gebarsten of de LCD gescheurd\u00a0? Met dit stuk kunt u hem vervangen en hem zogoed als nieuw terugvinden.<\/p>\n<p>Al ons schermen zijn getest voor het opsturen.<\/p>\n<p>Geen zin om hem zelf te vervangen\u00a0? <a href=\"https:\/\/ploegtech.com\/index.php\/contact-us\/\">Contacteer Ons\u00a0!<\/a><\/p>\n<p>&nbsp;<\/p>\n<blockquote class=\"wp-embedded-content\" data-secret=\"8eo4YerZNE\"><p><a href=\"https:\/\/ploegtech.com\/index.php\/contact-us\/\">Contact Us<\/a><\/p><\/blockquote>\n<p><iframe class=\"wp-embedded-content\" sandbox=\"allow-scripts\" security=\"restricted\" style=\"position: absolute; clip: rect(1px, 1px, 1px, 1px);\" title=\"\u00ab\u00a0Contact Us\u00a0\u00bb &#8212; Ploegtech\" src=\"https:\/\/ploegtech.com\/index.php\/contact-us\/embed\/#?secret=8eo4YerZNE\" data-secret=\"8eo4YerZNE\" width=\"500\" height=\"282\" frameborder=\"0\" marginwidth=\"0\" marginheight=\"0\" scrolling=\"no\"><\/iframe><\/p>\n","protected":false},"excerpt":{"rendered":"<p>Ecran de remplacement pour Garmin edge 1000<\/p>\n","protected":false},"featured_media":1273,"comment_status":"open","ping_status":"closed","template":"","meta":{"site-sidebar-layout":"default","site-content-layout":"default","ast-site-content-layout":"","site-content-style":"default","site-sidebar-style":"default","ast-global-header-display":"","ast-banner-title-visibility":"","ast-main-header-display":"","ast-hfb-above-header-display":"","ast-hfb-below-header-display":"","ast-hfb-mobile-header-display":"","site-post-title":"","ast-breadcrumbs-content":"","ast-featured-img":"","footer-sml-layout":"","theme-transparent-header-meta":"default","adv-header-id-meta":"","stick-header-meta":"","header-above-stick-meta":"","header-main-stick-meta":"","header-below-stick-meta":"","astra-migrate-meta-layouts":"","ast-page-background-enabled":"default","ast-page-background-meta":{"desktop":{"background-color":"","background-image":"","background-repeat":"repeat","background-position":"center center","background-size":"auto","background-attachment":"scroll","background-type":"","background-media":"","overlay-type":"","overlay-color":"","overlay-gradient":""},"tablet":{"background-color":"","background-image":"","background-repeat":"repeat","background-position":"center center","background-size":"auto","background-attachment":"scroll","background-type":"","background-media":"","overlay-type":"","overlay-color":"","overlay-gradient":""},"mobile":{"background-color":"","background-image":"","background-repeat":"repeat","background-position":"center center","background-size":"auto","background-attachment":"scroll","background-type":"","background-media":"","overlay-type":"","overlay-color":"","overlay-gradient":""}},"ast-content-background-meta":{"desktop":{"background-color":"var(--ast-global-color-5)","background-image":"","background-repeat":"repeat","background-position":"center center","background-size":"auto","background-attachment":"scroll","background-type":"","background-media":"","overlay-type":"","overlay-color":"","overlay-gradient":""},"tablet":{"background-color":"var(--ast-global-color-5)","background-image":"","background-repeat":"repeat","background-position":"center center","background-size":"auto","background-attachment":"scroll","background-type":"","background-media":"","overlay-type":"","overlay-color":"","overlay-gradient":""},"mobile":{"background-color":"var(--ast-global-color-5)","background-image":"","background-repeat":"repeat","background-position":"center center","background-size":"auto","background-attachment":"scroll","background-type":"","background-media":"","overlay-type":"","overlay-color":"","overlay-gradient":""}}},"product_cat":[15,60,49],"product_tag":[],"yoast_head":"<!-- This site is optimized with the Yoast SEO plugin v22.4 - https:\/\/yoast.com\/wordpress\/plugins\/seo\/ -->\n<title>Garmin Edge 1000 Screen - Ploegtech<\/title>\n<meta name=\"robots\" content=\"index, follow, max-snippet:-1, max-image-preview:large, max-video-preview:-1\" \/>\n<link rel=\"canonical\" href=\"https:\/\/ploegtech.com\/index.php\/produit\/garmin-edge-1000-screen\/\" \/>\n<meta property=\"og:locale\" content=\"fr_FR\" \/>\n<meta property=\"og:type\" content=\"article\" \/>\n<meta property=\"og:title\" content=\"Garmin Edge 1000 Screen - Ploegtech\" \/>\n<meta property=\"og:description\" content=\"Ecran de remplacement pour Garmin edge 1000\" \/>\n<meta property=\"og:url\" content=\"https:\/\/ploegtech.com\/index.php\/produit\/garmin-edge-1000-screen\/\" \/>\n<meta property=\"og:site_name\" content=\"Ploegtech\" \/>\n<meta property=\"article:publisher\" content=\"https:\/\/www.facebook.com\/PloegTech\/\" \/>\n<meta property=\"article:modified_time\" content=\"2026-04-06T17:25:09+00:00\" \/>\n<meta property=\"og:image\" content=\"https:\/\/ploegtech.com\/wp-content\/uploads\/2019\/02\/38910401_1791379427644062_8178785318443417600_n.png\" \/>\n\t<meta property=\"og:image:width\" content=\"540\" \/>\n\t<meta property=\"og:image:height\" content=\"540\" \/>\n\t<meta property=\"og:image:type\" content=\"image\/png\" \/>\n<meta name=\"twitter:card\" content=\"summary_large_image\" \/>\n<meta name=\"twitter:label1\" content=\"Dur\u00e9e de lecture estim\u00e9e\" \/>\n\t<meta name=\"twitter:data1\" content=\"1 minute\" \/>\n<script type=\"application\/ld+json\" class=\"yoast-schema-graph\">{\"@context\":\"https:\/\/schema.org\",\"@graph\":[{\"@type\":\"WebPage\",\"@id\":\"https:\/\/ploegtech.com\/index.php\/produit\/garmin-edge-1000-screen\/\",\"url\":\"https:\/\/ploegtech.com\/index.php\/produit\/garmin-edge-1000-screen\/\",\"name\":\"Garmin Edge 1000 Screen - Ploegtech\",\"isPartOf\":{\"@id\":\"https:\/\/ploegtech.com\/#website\"},\"primaryImageOfPage\":{\"@id\":\"https:\/\/ploegtech.com\/index.php\/produit\/garmin-edge-1000-screen\/#primaryimage\"},\"image\":{\"@id\":\"https:\/\/ploegtech.com\/index.php\/produit\/garmin-edge-1000-screen\/#primaryimage\"},\"thumbnailUrl\":\"https:\/\/ploegtech.com\/wp-content\/uploads\/2019\/02\/38910401_1791379427644062_8178785318443417600_n.png\",\"datePublished\":\"2019-02-24T21:54:23+00:00\",\"dateModified\":\"2026-04-06T17:25:09+00:00\",\"breadcrumb\":{\"@id\":\"https:\/\/ploegtech.com\/index.php\/produit\/garmin-edge-1000-screen\/#breadcrumb\"},\"inLanguage\":\"fr-FR\",\"potentialAction\":[{\"@type\":\"ReadAction\",\"target\":[\"https:\/\/ploegtech.com\/index.php\/produit\/garmin-edge-1000-screen\/\"]}]},{\"@type\":\"ImageObject\",\"inLanguage\":\"fr-FR\",\"@id\":\"https:\/\/ploegtech.com\/index.php\/produit\/garmin-edge-1000-screen\/#primaryimage\",\"url\":\"https:\/\/ploegtech.com\/wp-content\/uploads\/2019\/02\/38910401_1791379427644062_8178785318443417600_n.png\",\"contentUrl\":\"https:\/\/ploegtech.com\/wp-content\/uploads\/2019\/02\/38910401_1791379427644062_8178785318443417600_n.png\",\"width\":540,\"height\":540},{\"@type\":\"BreadcrumbList\",\"@id\":\"https:\/\/ploegtech.com\/index.php\/produit\/garmin-edge-1000-screen\/#breadcrumb\",\"itemListElement\":[{\"@type\":\"ListItem\",\"position\":1,\"name\":\"Accueil\",\"item\":\"https:\/\/ploegtech.com\/\"},{\"@type\":\"ListItem\",\"position\":2,\"name\":\"Store\",\"item\":\"https:\/\/ploegtech.com\/index.php\/store\/\"},{\"@type\":\"ListItem\",\"position\":3,\"name\":\"Garmin Edge 1000 Screen\"}]},{\"@type\":\"WebSite\",\"@id\":\"https:\/\/ploegtech.com\/#website\",\"url\":\"https:\/\/ploegtech.com\/\",\"name\":\"Ploegtech\",\"description\":\"Give your device a 2nd chance\",\"potentialAction\":[{\"@type\":\"SearchAction\",\"target\":{\"@type\":\"EntryPoint\",\"urlTemplate\":\"https:\/\/ploegtech.com\/?s={search_term_string}\"},\"query-input\":\"required name=search_term_string\"}],\"inLanguage\":\"fr-FR\"}]}<\/script>\n<!-- \/ Yoast SEO plugin. -->","yoast_head_json":{"title":"Garmin Edge 1000 Screen - Ploegtech","robots":{"index":"index","follow":"follow","max-snippet":"max-snippet:-1","max-image-preview":"max-image-preview:large","max-video-preview":"max-video-preview:-1"},"canonical":"https:\/\/ploegtech.com\/index.php\/produit\/garmin-edge-1000-screen\/","og_locale":"fr_FR","og_type":"article","og_title":"Garmin Edge 1000 Screen - Ploegtech","og_description":"Ecran de remplacement pour Garmin edge 1000","og_url":"https:\/\/ploegtech.com\/index.php\/produit\/garmin-edge-1000-screen\/","og_site_name":"Ploegtech","article_publisher":"https:\/\/www.facebook.com\/PloegTech\/","article_modified_time":"2026-04-06T17:25:09+00:00","og_image":[{"width":540,"height":540,"url":"https:\/\/ploegtech.com\/wp-content\/uploads\/2019\/02\/38910401_1791379427644062_8178785318443417600_n.png","type":"image\/png"}],"twitter_card":"summary_large_image","twitter_misc":{"Dur\u00e9e de lecture estim\u00e9e":"1 minute"},"schema":{"@context":"https:\/\/schema.org","@graph":[{"@type":"WebPage","@id":"https:\/\/ploegtech.com\/index.php\/produit\/garmin-edge-1000-screen\/","url":"https:\/\/ploegtech.com\/index.php\/produit\/garmin-edge-1000-screen\/","name":"Garmin Edge 1000 Screen - Ploegtech","isPartOf":{"@id":"https:\/\/ploegtech.com\/#website"},"primaryImageOfPage":{"@id":"https:\/\/ploegtech.com\/index.php\/produit\/garmin-edge-1000-screen\/#primaryimage"},"image":{"@id":"https:\/\/ploegtech.com\/index.php\/produit\/garmin-edge-1000-screen\/#primaryimage"},"thumbnailUrl":"https:\/\/ploegtech.com\/wp-content\/uploads\/2019\/02\/38910401_1791379427644062_8178785318443417600_n.png","datePublished":"2019-02-24T21:54:23+00:00","dateModified":"2026-04-06T17:25:09+00:00","breadcrumb":{"@id":"https:\/\/ploegtech.com\/index.php\/produit\/garmin-edge-1000-screen\/#breadcrumb"},"inLanguage":"fr-FR","potentialAction":[{"@type":"ReadAction","target":["https:\/\/ploegtech.com\/index.php\/produit\/garmin-edge-1000-screen\/"]}]},{"@type":"ImageObject","inLanguage":"fr-FR","@id":"https:\/\/ploegtech.com\/index.php\/produit\/garmin-edge-1000-screen\/#primaryimage","url":"https:\/\/ploegtech.com\/wp-content\/uploads\/2019\/02\/38910401_1791379427644062_8178785318443417600_n.png","contentUrl":"https:\/\/ploegtech.com\/wp-content\/uploads\/2019\/02\/38910401_1791379427644062_8178785318443417600_n.png","width":540,"height":540},{"@type":"BreadcrumbList","@id":"https:\/\/ploegtech.com\/index.php\/produit\/garmin-edge-1000-screen\/#breadcrumb","itemListElement":[{"@type":"ListItem","position":1,"name":"Accueil","item":"https:\/\/ploegtech.com\/"},{"@type":"ListItem","position":2,"name":"Store","item":"https:\/\/ploegtech.com\/index.php\/store\/"},{"@type":"ListItem","position":3,"name":"Garmin Edge 1000 Screen"}]},{"@type":"WebSite","@id":"https:\/\/ploegtech.com\/#website","url":"https:\/\/ploegtech.com\/","name":"Ploegtech","description":"Give your device a 2nd chance","potentialAction":[{"@type":"SearchAction","target":{"@type":"EntryPoint","urlTemplate":"https:\/\/ploegtech.com\/?s={search_term_string}"},"query-input":"required name=search_term_string"}],"inLanguage":"fr-FR"}]}},"_links":{"self":[{"href":"https:\/\/ploegtech.com\/index.php\/wp-json\/wp\/v2\/product\/1272"}],"collection":[{"href":"https:\/\/ploegtech.com\/index.php\/wp-json\/wp\/v2\/product"}],"about":[{"href":"https:\/\/ploegtech.com\/index.php\/wp-json\/wp\/v2\/types\/product"}],"replies":[{"embeddable":true,"href":"https:\/\/ploegtech.com\/index.php\/wp-json\/wp\/v2\/comments?post=1272"}],"version-history":[{"count":8,"href":"https:\/\/ploegtech.com\/index.php\/wp-json\/wp\/v2\/product\/1272\/revisions"}],"predecessor-version":[{"id":1446,"href":"https:\/\/ploegtech.com\/index.php\/wp-json\/wp\/v2\/product\/1272\/revisions\/1446"}],"wp:featuredmedia":[{"embeddable":true,"href":"https:\/\/ploegtech.com\/index.php\/wp-json\/wp\/v2\/media\/1273"}],"wp:attachment":[{"href":"https:\/\/ploegtech.com\/index.php\/wp-json\/wp\/v2\/media?parent=1272"}],"wp:term":[{"taxonomy":"product_cat","embeddable":true,"href":"https:\/\/ploegtech.com\/index.php\/wp-json\/wp\/v2\/product_cat?post=1272"},{"taxonomy":"product_tag","embeddable":true,"href":"https:\/\/ploegtech.com\/index.php\/wp-json\/wp\/v2\/product_tag?post=1272"}],"curies":[{"name":"wp","href":"https:\/\/api.w.org\/{rel}","templated":true}]}}