{"id":1252,"date":"2019-02-24T21:56:04","date_gmt":"2019-02-24T20:56:04","guid":{"rendered":"https:\/\/ploegtech.com\/?post_type=product&#038;p=1252"},"modified":"2025-08-21T20:33:59","modified_gmt":"2025-08-21T18:33:59","slug":"garmin-520-backcover","status":"publish","type":"product","link":"https:\/\/ploegtech.com\/index.php\/produit\/garmin-520-backcover\/","title":{"rendered":"Garmin 520 Backcover"},"content":{"rendered":"<p>Garmin Edge 520 Backcover<\/p>\n<p>Pi\u00e8ce de rechange pour Garmin Edge 520, cette pi\u00e8ce vous permet de r\u00e9parer votre Garmin.<\/p>\n<p>Elle permet de remplacer\u00a0:<\/p>\n<ul>\n<li>Une attache arri\u00e8re d\u00e9fectueuse<\/li>\n<li>Un bouton cass\u00e9 ou d\u00e9chir\u00e9<\/li>\n<\/ul>\n<p>Pas envie de le remplacer vous-m\u00eame\u00a0? <a href=\"https:\/\/ploegtech.com\/index.php\/contact-us\/\">Contactez-nous !<\/a><\/p>\n<p>Pour une commande en grande quantit\u00e9 <a href=\"https:\/\/ploegtech.com\/index.php\/contact-us\/\">contactez-nous.<\/a><\/p>\n<p>&nbsp;<\/p>\n<p>Garmin Edge 520 Backcover<\/p>\n<p>Vervangstuk voor Garmin Edge 520.<\/p>\n<p>Met dit stuk kunt uw Garmin, vervangen van\u00a0:<\/p>\n<ul>\n<li>Een kapotte achterkant<\/li>\n<li>Een gescheurde knop of kapotte knop<\/li>\n<\/ul>\n<p>Geen zin om hem zelf te vervangen\u00a0? <a href=\"https:\/\/ploegtech.com\/index.php\/contact-us\/\">Contacteer ons\u00a0!<\/a><\/p>\n<p>Voor een grote bestelling, u kunt bij ons terech.<\/p>\n<blockquote class=\"wp-embedded-content\" data-secret=\"R8x295uMXe\"><p><a href=\"https:\/\/ploegtech.com\/index.php\/contact-us\/\">Contact Us<\/a><\/p><\/blockquote>\n<p><iframe class=\"wp-embedded-content\" sandbox=\"allow-scripts\" security=\"restricted\" style=\"position: absolute; clip: rect(1px, 1px, 1px, 1px);\" src=\"https:\/\/ploegtech.com\/index.php\/contact-us\/embed\/#?secret=R8x295uMXe\" data-secret=\"R8x295uMXe\" width=\"500\" height=\"282\" title=\"\u00ab\u00a0Contact Us\u00a0\u00bb &#8212; Ploegtech\" frameborder=\"0\" marginwidth=\"0\" marginheight=\"0\" scrolling=\"no\"><\/iframe><\/p>\n","protected":false},"excerpt":{"rendered":"<p>Backcover pour edge 520<\/p>\n<ul>\n<li>sans batterie<\/li>\n<\/ul>\n<p>Si vous voulez le faire installer, n&rsquo;h\u00e9sitez pas \u00e0 nous contacter via notre formulaire<a href=\"https:\/\/ploegtech.com\/index.php\/contact-us\/\"> ici\u00a0<\/a><\/p>\n<p>pour plus d&rsquo;information sur les r\u00e9parations de garmin c&rsquo;est <a href=\"https:\/\/ploegtech.com\/index.php\/garmin\/\">ici<\/a><\/p>\n","protected":false},"featured_media":1251,"comment_status":"open","ping_status":"closed","template":"","meta":{"site-sidebar-layout":"default","site-content-layout":"default","ast-site-content-layout":"","site-content-style":"default","site-sidebar-style":"default","ast-global-header-display":"","ast-banner-title-visibility":"","ast-main-header-display":"","ast-hfb-above-header-display":"","ast-hfb-below-header-display":"","ast-hfb-mobile-header-display":"","site-post-title":"","ast-breadcrumbs-content":"","ast-featured-img":"","footer-sml-layout":"","theme-transparent-header-meta":"default","adv-header-id-meta":"","stick-header-meta":"","header-above-stick-meta":"","header-main-stick-meta":"","header-below-stick-meta":"","astra-migrate-meta-layouts":"","ast-page-background-enabled":"default","ast-page-background-meta":{"desktop":{"background-color":"","background-image":"","background-repeat":"repeat","background-position":"center center","background-size":"auto","background-attachment":"scroll","background-type":"","background-media":"","overlay-type":"","overlay-color":"","overlay-gradient":""},"tablet":{"background-color":"","background-image":"","background-repeat":"repeat","background-position":"center center","background-size":"auto","background-attachment":"scroll","background-type":"","background-media":"","overlay-type":"","overlay-color":"","overlay-gradient":""},"mobile":{"background-color":"","background-image":"","background-repeat":"repeat","background-position":"center center","background-size":"auto","background-attachment":"scroll","background-type":"","background-media":"","overlay-type":"","overlay-color":"","overlay-gradient":""}},"ast-content-background-meta":{"desktop":{"background-color":"var(--ast-global-color-5)","background-image":"","background-repeat":"repeat","background-position":"center center","background-size":"auto","background-attachment":"scroll","background-type":"","background-media":"","overlay-type":"","overlay-color":"","overlay-gradient":""},"tablet":{"background-color":"var(--ast-global-color-5)","background-image":"","background-repeat":"repeat","background-position":"center center","background-size":"auto","background-attachment":"scroll","background-type":"","background-media":"","overlay-type":"","overlay-color":"","overlay-gradient":""},"mobile":{"background-color":"var(--ast-global-color-5)","background-image":"","background-repeat":"repeat","background-position":"center center","background-size":"auto","background-attachment":"scroll","background-type":"","background-media":"","overlay-type":"","overlay-color":"","overlay-gradient":""}}},"product_cat":[15,60,49],"product_tag":[],"yoast_head":"<!-- This site is optimized with the Yoast SEO plugin v22.4 - https:\/\/yoast.com\/wordpress\/plugins\/seo\/ -->\n<title>Garmin 520 Backcover - Ploegtech<\/title>\n<meta name=\"robots\" content=\"index, follow, max-snippet:-1, max-image-preview:large, max-video-preview:-1\" \/>\n<link rel=\"canonical\" href=\"https:\/\/ploegtech.com\/index.php\/produit\/garmin-520-backcover\/\" \/>\n<meta property=\"og:locale\" content=\"fr_FR\" \/>\n<meta property=\"og:type\" content=\"article\" \/>\n<meta property=\"og:title\" content=\"Garmin 520 Backcover - Ploegtech\" \/>\n<meta property=\"og:description\" content=\"Backcover pour edge 520   sans batterie  Si vous voulez le faire installer, n&#039;h\u00e9sitez pas \u00e0 nous contacter via notre formulaire ici\u00a0  pour plus d&#039;information sur les r\u00e9parations de garmin c&#039;est ici\" \/>\n<meta property=\"og:url\" content=\"https:\/\/ploegtech.com\/index.php\/produit\/garmin-520-backcover\/\" \/>\n<meta property=\"og:site_name\" content=\"Ploegtech\" \/>\n<meta property=\"article:publisher\" content=\"https:\/\/www.facebook.com\/PloegTech\/\" \/>\n<meta property=\"article:modified_time\" content=\"2025-08-21T18:33:59+00:00\" \/>\n<meta property=\"og:image\" content=\"https:\/\/ploegtech.com\/wp-content\/uploads\/2019\/02\/38698458_1820523541365754_7695986021770461184_n.png\" \/>\n\t<meta property=\"og:image:width\" content=\"540\" \/>\n\t<meta property=\"og:image:height\" content=\"540\" \/>\n\t<meta property=\"og:image:type\" content=\"image\/png\" \/>\n<meta name=\"twitter:card\" content=\"summary_large_image\" \/>\n<meta name=\"twitter:label1\" content=\"Dur\u00e9e de lecture estim\u00e9e\" \/>\n\t<meta name=\"twitter:data1\" content=\"1 minute\" \/>\n<script type=\"application\/ld+json\" class=\"yoast-schema-graph\">{\"@context\":\"https:\/\/schema.org\",\"@graph\":[{\"@type\":\"WebPage\",\"@id\":\"https:\/\/ploegtech.com\/index.php\/produit\/garmin-520-backcover\/\",\"url\":\"https:\/\/ploegtech.com\/index.php\/produit\/garmin-520-backcover\/\",\"name\":\"Garmin 520 Backcover - Ploegtech\",\"isPartOf\":{\"@id\":\"https:\/\/ploegtech.com\/#website\"},\"primaryImageOfPage\":{\"@id\":\"https:\/\/ploegtech.com\/index.php\/produit\/garmin-520-backcover\/#primaryimage\"},\"image\":{\"@id\":\"https:\/\/ploegtech.com\/index.php\/produit\/garmin-520-backcover\/#primaryimage\"},\"thumbnailUrl\":\"https:\/\/ploegtech.com\/wp-content\/uploads\/2019\/02\/38698458_1820523541365754_7695986021770461184_n.png\",\"datePublished\":\"2019-02-24T20:56:04+00:00\",\"dateModified\":\"2025-08-21T18:33:59+00:00\",\"breadcrumb\":{\"@id\":\"https:\/\/ploegtech.com\/index.php\/produit\/garmin-520-backcover\/#breadcrumb\"},\"inLanguage\":\"fr-FR\",\"potentialAction\":[{\"@type\":\"ReadAction\",\"target\":[\"https:\/\/ploegtech.com\/index.php\/produit\/garmin-520-backcover\/\"]}]},{\"@type\":\"ImageObject\",\"inLanguage\":\"fr-FR\",\"@id\":\"https:\/\/ploegtech.com\/index.php\/produit\/garmin-520-backcover\/#primaryimage\",\"url\":\"https:\/\/ploegtech.com\/wp-content\/uploads\/2019\/02\/38698458_1820523541365754_7695986021770461184_n.png\",\"contentUrl\":\"https:\/\/ploegtech.com\/wp-content\/uploads\/2019\/02\/38698458_1820523541365754_7695986021770461184_n.png\",\"width\":540,\"height\":540},{\"@type\":\"BreadcrumbList\",\"@id\":\"https:\/\/ploegtech.com\/index.php\/produit\/garmin-520-backcover\/#breadcrumb\",\"itemListElement\":[{\"@type\":\"ListItem\",\"position\":1,\"name\":\"Accueil\",\"item\":\"https:\/\/ploegtech.com\/\"},{\"@type\":\"ListItem\",\"position\":2,\"name\":\"Store\",\"item\":\"https:\/\/ploegtech.com\/index.php\/store\/\"},{\"@type\":\"ListItem\",\"position\":3,\"name\":\"Garmin 520 Backcover\"}]},{\"@type\":\"WebSite\",\"@id\":\"https:\/\/ploegtech.com\/#website\",\"url\":\"https:\/\/ploegtech.com\/\",\"name\":\"Ploegtech\",\"description\":\"Give your device a 2nd chance\",\"potentialAction\":[{\"@type\":\"SearchAction\",\"target\":{\"@type\":\"EntryPoint\",\"urlTemplate\":\"https:\/\/ploegtech.com\/?s={search_term_string}\"},\"query-input\":\"required name=search_term_string\"}],\"inLanguage\":\"fr-FR\"}]}<\/script>\n<!-- \/ Yoast SEO plugin. -->","yoast_head_json":{"title":"Garmin 520 Backcover - Ploegtech","robots":{"index":"index","follow":"follow","max-snippet":"max-snippet:-1","max-image-preview":"max-image-preview:large","max-video-preview":"max-video-preview:-1"},"canonical":"https:\/\/ploegtech.com\/index.php\/produit\/garmin-520-backcover\/","og_locale":"fr_FR","og_type":"article","og_title":"Garmin 520 Backcover - Ploegtech","og_description":"Backcover pour edge 520   sans batterie  Si vous voulez le faire installer, n'h\u00e9sitez pas \u00e0 nous contacter via notre formulaire ici\u00a0  pour plus d'information sur les r\u00e9parations de garmin c'est ici","og_url":"https:\/\/ploegtech.com\/index.php\/produit\/garmin-520-backcover\/","og_site_name":"Ploegtech","article_publisher":"https:\/\/www.facebook.com\/PloegTech\/","article_modified_time":"2025-08-21T18:33:59+00:00","og_image":[{"width":540,"height":540,"url":"https:\/\/ploegtech.com\/wp-content\/uploads\/2019\/02\/38698458_1820523541365754_7695986021770461184_n.png","type":"image\/png"}],"twitter_card":"summary_large_image","twitter_misc":{"Dur\u00e9e de lecture estim\u00e9e":"1 minute"},"schema":{"@context":"https:\/\/schema.org","@graph":[{"@type":"WebPage","@id":"https:\/\/ploegtech.com\/index.php\/produit\/garmin-520-backcover\/","url":"https:\/\/ploegtech.com\/index.php\/produit\/garmin-520-backcover\/","name":"Garmin 520 Backcover - Ploegtech","isPartOf":{"@id":"https:\/\/ploegtech.com\/#website"},"primaryImageOfPage":{"@id":"https:\/\/ploegtech.com\/index.php\/produit\/garmin-520-backcover\/#primaryimage"},"image":{"@id":"https:\/\/ploegtech.com\/index.php\/produit\/garmin-520-backcover\/#primaryimage"},"thumbnailUrl":"https:\/\/ploegtech.com\/wp-content\/uploads\/2019\/02\/38698458_1820523541365754_7695986021770461184_n.png","datePublished":"2019-02-24T20:56:04+00:00","dateModified":"2025-08-21T18:33:59+00:00","breadcrumb":{"@id":"https:\/\/ploegtech.com\/index.php\/produit\/garmin-520-backcover\/#breadcrumb"},"inLanguage":"fr-FR","potentialAction":[{"@type":"ReadAction","target":["https:\/\/ploegtech.com\/index.php\/produit\/garmin-520-backcover\/"]}]},{"@type":"ImageObject","inLanguage":"fr-FR","@id":"https:\/\/ploegtech.com\/index.php\/produit\/garmin-520-backcover\/#primaryimage","url":"https:\/\/ploegtech.com\/wp-content\/uploads\/2019\/02\/38698458_1820523541365754_7695986021770461184_n.png","contentUrl":"https:\/\/ploegtech.com\/wp-content\/uploads\/2019\/02\/38698458_1820523541365754_7695986021770461184_n.png","width":540,"height":540},{"@type":"BreadcrumbList","@id":"https:\/\/ploegtech.com\/index.php\/produit\/garmin-520-backcover\/#breadcrumb","itemListElement":[{"@type":"ListItem","position":1,"name":"Accueil","item":"https:\/\/ploegtech.com\/"},{"@type":"ListItem","position":2,"name":"Store","item":"https:\/\/ploegtech.com\/index.php\/store\/"},{"@type":"ListItem","position":3,"name":"Garmin 520 Backcover"}]},{"@type":"WebSite","@id":"https:\/\/ploegtech.com\/#website","url":"https:\/\/ploegtech.com\/","name":"Ploegtech","description":"Give your device a 2nd chance","potentialAction":[{"@type":"SearchAction","target":{"@type":"EntryPoint","urlTemplate":"https:\/\/ploegtech.com\/?s={search_term_string}"},"query-input":"required name=search_term_string"}],"inLanguage":"fr-FR"}]}},"_links":{"self":[{"href":"https:\/\/ploegtech.com\/index.php\/wp-json\/wp\/v2\/product\/1252"}],"collection":[{"href":"https:\/\/ploegtech.com\/index.php\/wp-json\/wp\/v2\/product"}],"about":[{"href":"https:\/\/ploegtech.com\/index.php\/wp-json\/wp\/v2\/types\/product"}],"replies":[{"embeddable":true,"href":"https:\/\/ploegtech.com\/index.php\/wp-json\/wp\/v2\/comments?post=1252"}],"version-history":[{"count":5,"href":"https:\/\/ploegtech.com\/index.php\/wp-json\/wp\/v2\/product\/1252\/revisions"}],"predecessor-version":[{"id":1628,"href":"https:\/\/ploegtech.com\/index.php\/wp-json\/wp\/v2\/product\/1252\/revisions\/1628"}],"wp:featuredmedia":[{"embeddable":true,"href":"https:\/\/ploegtech.com\/index.php\/wp-json\/wp\/v2\/media\/1251"}],"wp:attachment":[{"href":"https:\/\/ploegtech.com\/index.php\/wp-json\/wp\/v2\/media?parent=1252"}],"wp:term":[{"taxonomy":"product_cat","embeddable":true,"href":"https:\/\/ploegtech.com\/index.php\/wp-json\/wp\/v2\/product_cat?post=1252"},{"taxonomy":"product_tag","embeddable":true,"href":"https:\/\/ploegtech.com\/index.php\/wp-json\/wp\/v2\/product_tag?post=1252"}],"curies":[{"name":"wp","href":"https:\/\/api.w.org\/{rel}","templated":true}]}}