{"id":2135,"date":"2020-12-04T18:57:03","date_gmt":"2020-12-04T17:57:03","guid":{"rendered":"https:\/\/ploegtech.com\/?page_id=2135"},"modified":"2021-01-12T18:34:18","modified_gmt":"2021-01-12T17:34:18","slug":"elementor-2135","status":"publish","type":"page","link":"https:\/\/ploegtech.com\/index.php\/elementor-2135\/","title":{"rendered":"Accesoires"},"content":{"rendered":"\t\t<div data-elementor-type=\"wp-page\" data-elementor-id=\"2135\" class=\"elementor elementor-2135\">\n\t\t\t\t\t\t\t\t\t<section class=\"elementor-section elementor-top-section elementor-element elementor-element-a584ef8 elementor-section-content-middle elementor-reverse-mobile elementor-section-boxed elementor-section-height-default elementor-section-height-default\" data-id=\"a584ef8\" data-element_type=\"section\" data-settings=\"{&quot;background_background&quot;:&quot;slideshow&quot;,&quot;background_slideshow_gallery&quot;:[{&quot;id&quot;:2153,&quot;url&quot;:&quot;https:\\\/\\\/ploegtech.com\\\/wp-content\\\/uploads\\\/2020\\\/12\\\/slide_1.jpg&quot;}],&quot;background_slideshow_loop&quot;:&quot;yes&quot;,&quot;background_slideshow_slide_duration&quot;:5000,&quot;background_slideshow_slide_transition&quot;:&quot;fade&quot;,&quot;background_slideshow_transition_duration&quot;:500}\">\n\t\t\t\t\t\t\t<div class=\"elementor-background-overlay\"><\/div>\n\t\t\t\t\t\t\t<div class=\"elementor-container elementor-column-gap-default\">\n\t\t\t\t\t<div class=\"elementor-column elementor-col-100 elementor-top-column elementor-element elementor-element-39d5465\" data-id=\"39d5465\" data-element_type=\"column\">\n\t\t\t<div class=\"elementor-widget-wrap elementor-element-populated\">\n\t\t\t\t\t\t\t\t<div class=\"elementor-element elementor-element-234789a elementor-widget elementor-widget-text-editor\" data-id=\"234789a\" data-element_type=\"widget\" data-widget_type=\"text-editor.default\">\n\t\t\t\t<div class=\"elementor-widget-container\">\n\t\t\t\t\t\t\t\t\t\t\t\t\t<\/div>\n\t\t\t\t<\/div>\n\t\t\t\t<div class=\"elementor-element elementor-element-8c51def elementor-widget elementor-widget-heading\" data-id=\"8c51def\" data-element_type=\"widget\" data-widget_type=\"heading.default\">\n\t\t\t\t<div class=\"elementor-widget-container\">\n\t\t\t<h1 class=\"elementor-heading-title elementor-size-default\">Belfracars<\/h1>\t\t<\/div>\n\t\t\t\t<\/div>\n\t\t\t\t<div class=\"elementor-element elementor-element-ba0aafc elementor-widget elementor-widget-text-editor\" data-id=\"ba0aafc\" data-element_type=\"widget\" data-widget_type=\"text-editor.default\">\n\t\t\t\t<div class=\"elementor-widget-container\">\n\t\t\t\t\t\t\t\t\t\t\t\t\t<\/div>\n\t\t\t\t<\/div>\n\t\t\t\t\t<\/div>\n\t\t<\/div>\n\t\t\t\t\t\t\t<\/div>\n\t\t<\/section>\n\t\t\t\t<section class=\"elementor-section elementor-top-section elementor-element elementor-element-5031d75 elementor-section-boxed elementor-section-height-default elementor-section-height-default\" data-id=\"5031d75\" data-element_type=\"section\" data-settings=\"{&quot;background_background&quot;:&quot;classic&quot;}\">\n\t\t\t\t\t\t\t<div class=\"elementor-background-overlay\"><\/div>\n\t\t\t\t\t\t\t<div class=\"elementor-container elementor-column-gap-default\">\n\t\t\t\t\t<div class=\"elementor-column elementor-col-100 elementor-top-column elementor-element elementor-element-155bf24\" data-id=\"155bf24\" data-element_type=\"column\">\n\t\t\t<div class=\"elementor-widget-wrap elementor-element-populated\">\n\t\t\t\t\t\t\t\t<div class=\"elementor-element elementor-element-e3141d4 elementor-widget elementor-widget-heading\" data-id=\"e3141d4\" data-element_type=\"widget\" data-widget_type=\"heading.default\">\n\t\t\t\t<div class=\"elementor-widget-container\">\n\t\t\t<h2 class=\"elementor-heading-title elementor-size-default\">Accessoires Automobile <\/h2>\t\t<\/div>\n\t\t\t\t<\/div>\n\t\t\t\t<div class=\"elementor-element elementor-element-7bbc2d7 elementor-widget elementor-widget-text-editor\" data-id=\"7bbc2d7\" data-element_type=\"widget\" data-widget_type=\"text-editor.default\">\n\t\t\t\t<div class=\"elementor-widget-container\">\n\t\t\t\t\t\t\t<p>Terminer votre exp\u00e9rience Belfracars avec des accessoires pour votre nouveau v\u00e9hicule.<\/p><ul><li>Ajouter une option manquante<\/li><li>d\u00e9finissez votre style\u00a0<\/li><li>Ajoutez votre touche perso<\/li><\/ul><p>Accessoires de qualit\u00e9 fournis par notre partenaire Ploegtech.com\u00a0<\/p>\t\t\t\t\t\t<\/div>\n\t\t\t\t<\/div>\n\t\t\t\t<div class=\"elementor-element elementor-element-71c3b8d elementor-widget elementor-widget-shortcode\" data-id=\"71c3b8d\" data-element_type=\"widget\" data-widget_type=\"shortcode.default\">\n\t\t\t\t<div class=\"elementor-widget-container\">\n\t\t\t\t\t<div class=\"elementor-shortcode\"><div class=\"woocommerce columns-4 \"><ul class=\"products columns-4\">\n<li class=\"desktop-align-left tablet-align-left mobile-align-left product type-product post-2131 status-publish first instock product_cat-auto has-post-thumbnail shipping-taxable purchasable product-type-simple\">\n\t<img fetchpriority=\"high\" decoding=\"async\" width=\"300\" height=\"300\" src=\"https:\/\/ploegtech.com\/wp-content\/uploads\/2020\/12\/Sans-titre-300x300.png\" class=\"show-on-hover\" alt=\"\" srcset=\"https:\/\/ploegtech.com\/wp-content\/uploads\/2020\/12\/Sans-titre-300x300.png 300w, https:\/\/ploegtech.com\/wp-content\/uploads\/2020\/12\/Sans-titre-150x150.png 150w, https:\/\/ploegtech.com\/wp-content\/uploads\/2020\/12\/Sans-titre-100x100.png 100w\" sizes=\"(max-width: 300px) 100vw, 300px\" \/><\/li>\n<\/ul>\n<\/div><\/div>\n\t\t\t\t<\/div>\n\t\t\t\t<\/div>\n\t\t\t\t\t<\/div>\n\t\t<\/div>\n\t\t\t\t\t\t\t<\/div>\n\t\t<\/section>\n\t\t\t\t<section class=\"elementor-section elementor-top-section elementor-element elementor-element-444fde9 elementor-section-content-middle elementor-section-boxed elementor-section-height-default elementor-section-height-default\" data-id=\"444fde9\" data-element_type=\"section\" data-settings=\"{&quot;background_background&quot;:&quot;classic&quot;}\">\n\t\t\t\t\t\t\t<div class=\"elementor-background-overlay\"><\/div>\n\t\t\t\t\t\t\t<div class=\"elementor-container elementor-column-gap-default\">\n\t\t\t\t\t<div class=\"elementor-column elementor-col-100 elementor-top-column elementor-element elementor-element-34dd2fb\" data-id=\"34dd2fb\" data-element_type=\"column\">\n\t\t\t<div class=\"elementor-widget-wrap elementor-element-populated\">\n\t\t\t\t\t\t\t\t<section class=\"elementor-section elementor-inner-section elementor-element elementor-element-67dc691 elementor-section-boxed elementor-section-height-default elementor-section-height-default\" data-id=\"67dc691\" data-element_type=\"section\">\n\t\t\t\t\t\t<div class=\"elementor-container elementor-column-gap-default\">\n\t\t\t\t\t<div class=\"elementor-column elementor-col-16 elementor-inner-column elementor-element elementor-element-a5c1144\" data-id=\"a5c1144\" data-element_type=\"column\">\n\t\t\t<div class=\"elementor-widget-wrap elementor-element-populated\">\n\t\t\t\t\t\t\t\t<div class=\"elementor-element elementor-element-d7a2cd8 elementor-widget elementor-widget-heading\" data-id=\"d7a2cd8\" data-element_type=\"widget\" data-widget_type=\"heading.default\">\n\t\t\t\t<div class=\"elementor-widget-container\">\n\t\t\t<h6 class=\"elementor-heading-title elementor-size-default\">Featured Brands:<\/h6>\t\t<\/div>\n\t\t\t\t<\/div>\n\t\t\t\t\t<\/div>\n\t\t<\/div>\n\t\t\t\t<div class=\"elementor-column elementor-col-16 elementor-inner-column elementor-element elementor-element-1cb23ed\" data-id=\"1cb23ed\" data-element_type=\"column\">\n\t\t\t<div class=\"elementor-widget-wrap elementor-element-populated\">\n\t\t\t\t\t\t\t\t<div class=\"elementor-element elementor-element-063642c elementor-widget elementor-widget-image\" data-id=\"063642c\" data-element_type=\"widget\" data-widget_type=\"image.default\">\n\t\t\t\t<div class=\"elementor-widget-container\">\n\t\t\t\t\t\t\t\t\t\t\t\t\t\t\t<img decoding=\"async\" width=\"900\" height=\"500\" src=\"https:\/\/ploegtech.com\/wp-content\/uploads\/2020\/12\/logo-volkswagen.jpg\" class=\"attachment-large size-large wp-image-2167\" alt=\"\" srcset=\"https:\/\/ploegtech.com\/wp-content\/uploads\/2020\/12\/logo-volkswagen.jpg 900w, https:\/\/ploegtech.com\/wp-content\/uploads\/2020\/12\/logo-volkswagen-300x167.jpg 300w, https:\/\/ploegtech.com\/wp-content\/uploads\/2020\/12\/logo-volkswagen-768x427.jpg 768w, https:\/\/ploegtech.com\/wp-content\/uploads\/2020\/12\/logo-volkswagen-600x333.jpg 600w\" sizes=\"(max-width: 900px) 100vw, 900px\" \/>\t\t\t\t\t\t\t\t\t\t\t\t\t\t\t<\/div>\n\t\t\t\t<\/div>\n\t\t\t\t\t<\/div>\n\t\t<\/div>\n\t\t\t\t<div class=\"elementor-column elementor-col-16 elementor-inner-column elementor-element elementor-element-2370214\" data-id=\"2370214\" data-element_type=\"column\">\n\t\t\t<div class=\"elementor-widget-wrap elementor-element-populated\">\n\t\t\t\t\t\t\t\t<div class=\"elementor-element elementor-element-749e315 elementor-widget elementor-widget-image\" data-id=\"749e315\" data-element_type=\"widget\" data-widget_type=\"image.default\">\n\t\t\t\t<div class=\"elementor-widget-container\">\n\t\t\t\t\t\t\t\t\t\t\t\t\t\t\t<img decoding=\"async\" width=\"900\" height=\"660\" src=\"https:\/\/ploegtech.com\/wp-content\/uploads\/2020\/12\/mercedes-logo.jpg\" class=\"attachment-large size-large wp-image-2168\" alt=\"\" srcset=\"https:\/\/ploegtech.com\/wp-content\/uploads\/2020\/12\/mercedes-logo.jpg 900w, https:\/\/ploegtech.com\/wp-content\/uploads\/2020\/12\/mercedes-logo-300x220.jpg 300w, https:\/\/ploegtech.com\/wp-content\/uploads\/2020\/12\/mercedes-logo-768x563.jpg 768w, https:\/\/ploegtech.com\/wp-content\/uploads\/2020\/12\/mercedes-logo-600x440.jpg 600w\" sizes=\"(max-width: 900px) 100vw, 900px\" \/>\t\t\t\t\t\t\t\t\t\t\t\t\t\t\t<\/div>\n\t\t\t\t<\/div>\n\t\t\t\t\t<\/div>\n\t\t<\/div>\n\t\t\t\t<div class=\"elementor-column elementor-col-16 elementor-inner-column elementor-element elementor-element-3b0a867\" data-id=\"3b0a867\" data-element_type=\"column\">\n\t\t\t<div class=\"elementor-widget-wrap elementor-element-populated\">\n\t\t\t\t\t\t\t\t<div class=\"elementor-element elementor-element-317024c elementor-widget elementor-widget-image\" data-id=\"317024c\" data-element_type=\"widget\" data-widget_type=\"image.default\">\n\t\t\t\t<div class=\"elementor-widget-container\">\n\t\t\t\t\t\t\t\t\t\t\t\t\t\t\t<img loading=\"lazy\" decoding=\"async\" width=\"900\" height=\"340\" src=\"https:\/\/ploegtech.com\/wp-content\/uploads\/2020\/12\/bmw-logo.jpg\" class=\"attachment-large size-large wp-image-2166\" alt=\"\" srcset=\"https:\/\/ploegtech.com\/wp-content\/uploads\/2020\/12\/bmw-logo.jpg 900w, https:\/\/ploegtech.com\/wp-content\/uploads\/2020\/12\/bmw-logo-300x113.jpg 300w, https:\/\/ploegtech.com\/wp-content\/uploads\/2020\/12\/bmw-logo-768x290.jpg 768w, https:\/\/ploegtech.com\/wp-content\/uploads\/2020\/12\/bmw-logo-600x227.jpg 600w\" sizes=\"(max-width: 900px) 100vw, 900px\" \/>\t\t\t\t\t\t\t\t\t\t\t\t\t\t\t<\/div>\n\t\t\t\t<\/div>\n\t\t\t\t\t<\/div>\n\t\t<\/div>\n\t\t\t\t<div class=\"elementor-column elementor-col-16 elementor-inner-column elementor-element elementor-element-a7ca574\" data-id=\"a7ca574\" data-element_type=\"column\">\n\t\t\t<div class=\"elementor-widget-wrap elementor-element-populated\">\n\t\t\t\t\t\t\t\t<div class=\"elementor-element elementor-element-d93ee4f elementor-widget elementor-widget-image\" data-id=\"d93ee4f\" data-element_type=\"widget\" data-widget_type=\"image.default\">\n\t\t\t\t<div class=\"elementor-widget-container\">\n\t\t\t\t\t\t\t\t\t\t\t\t\t\t\t<img loading=\"lazy\" decoding=\"async\" width=\"900\" height=\"640\" src=\"https:\/\/ploegtech.com\/wp-content\/uploads\/2020\/12\/aufi-logo.jpg\" class=\"attachment-large size-large wp-image-2165\" alt=\"\" srcset=\"https:\/\/ploegtech.com\/wp-content\/uploads\/2020\/12\/aufi-logo.jpg 900w, https:\/\/ploegtech.com\/wp-content\/uploads\/2020\/12\/aufi-logo-300x213.jpg 300w, https:\/\/ploegtech.com\/wp-content\/uploads\/2020\/12\/aufi-logo-768x546.jpg 768w, https:\/\/ploegtech.com\/wp-content\/uploads\/2020\/12\/aufi-logo-600x427.jpg 600w\" sizes=\"(max-width: 900px) 100vw, 900px\" \/>\t\t\t\t\t\t\t\t\t\t\t\t\t\t\t<\/div>\n\t\t\t\t<\/div>\n\t\t\t\t\t<\/div>\n\t\t<\/div>\n\t\t\t\t<div class=\"elementor-column elementor-col-16 elementor-inner-column elementor-element elementor-element-d639f71\" data-id=\"d639f71\" data-element_type=\"column\">\n\t\t\t<div class=\"elementor-widget-wrap elementor-element-populated\">\n\t\t\t\t\t\t\t\t<div class=\"elementor-element elementor-element-51901c3 elementor-widget elementor-widget-image\" data-id=\"51901c3\" data-element_type=\"widget\" data-widget_type=\"image.default\">\n\t\t\t\t<div class=\"elementor-widget-container\">\n\t\t\t\t\t\t\t\t\t\t\t\t\t\t\t<img loading=\"lazy\" decoding=\"async\" width=\"900\" height=\"600\" src=\"https:\/\/ploegtech.com\/wp-content\/uploads\/2020\/12\/logo-ford.jpg\" class=\"attachment-large size-large wp-image-2169\" alt=\"\" srcset=\"https:\/\/ploegtech.com\/wp-content\/uploads\/2020\/12\/logo-ford.jpg 900w, https:\/\/ploegtech.com\/wp-content\/uploads\/2020\/12\/logo-ford-300x200.jpg 300w, https:\/\/ploegtech.com\/wp-content\/uploads\/2020\/12\/logo-ford-768x512.jpg 768w, https:\/\/ploegtech.com\/wp-content\/uploads\/2020\/12\/logo-ford-600x400.jpg 600w\" sizes=\"(max-width: 900px) 100vw, 900px\" \/>\t\t\t\t\t\t\t\t\t\t\t\t\t\t\t<\/div>\n\t\t\t\t<\/div>\n\t\t\t\t\t<\/div>\n\t\t<\/div>\n\t\t\t\t\t\t\t<\/div>\n\t\t<\/section>\n\t\t\t\t\t<\/div>\n\t\t<\/div>\n\t\t\t\t\t\t\t<\/div>\n\t\t<\/section>\n\t\t\t\t\t\t\t<\/div>\n\t\t","protected":false},"excerpt":{"rendered":"<p>Belfracars Accessoires Automobile Terminer votre exp\u00e9rience Belfracars avec des accessoires pour votre nouveau v\u00e9hicule. Ajouter une option manquante d\u00e9finissez votre style\u00a0 Ajoutez votre touche perso Accessoires de qualit\u00e9 fournis par notre partenaire Ploegtech.com\u00a0 Featured Brands:<\/p>\n","protected":false},"author":1,"featured_media":0,"parent":0,"menu_order":0,"comment_status":"closed","ping_status":"closed","template":"","meta":{"site-sidebar-layout":"no-sidebar","site-content-layout":"page-builder","ast-site-content-layout":"","site-content-style":"default","site-sidebar-style":"default","ast-global-header-display":"","ast-banner-title-visibility":"","ast-main-header-display":"","ast-hfb-above-header-display":"","ast-hfb-below-header-display":"","ast-hfb-mobile-header-display":"","site-post-title":"disabled","ast-breadcrumbs-content":"","ast-featured-img":"disabled","footer-sml-layout":"","theme-transparent-header-meta":"default","adv-header-id-meta":"","stick-header-meta":"","header-above-stick-meta":"","header-main-stick-meta":"","header-below-stick-meta":"","astra-migrate-meta-layouts":"","ast-page-background-enabled":"default","ast-page-background-meta":{"desktop":{"background-color":"","background-image":"","background-repeat":"repeat","background-position":"center center","background-size":"auto","background-attachment":"scroll","background-type":"","background-media":"","overlay-type":"","overlay-color":"","overlay-gradient":""},"tablet":{"background-color":"","background-image":"","background-repeat":"repeat","background-position":"center center","background-size":"auto","background-attachment":"scroll","background-type":"","background-media":"","overlay-type":"","overlay-color":"","overlay-gradient":""},"mobile":{"background-color":"","background-image":"","background-repeat":"repeat","background-position":"center center","background-size":"auto","background-attachment":"scroll","background-type":"","background-media":"","overlay-type":"","overlay-color":"","overlay-gradient":""}},"ast-content-background-meta":{"desktop":{"background-color":"var(--ast-global-color-5)","background-image":"","background-repeat":"repeat","background-position":"center center","background-size":"auto","background-attachment":"scroll","background-type":"","background-media":"","overlay-type":"","overlay-color":"","overlay-gradient":""},"tablet":{"background-color":"var(--ast-global-color-5)","background-image":"","background-repeat":"repeat","background-position":"center center","background-size":"auto","background-attachment":"scroll","background-type":"","background-media":"","overlay-type":"","overlay-color":"","overlay-gradient":""},"mobile":{"background-color":"var(--ast-global-color-5)","background-image":"","background-repeat":"repeat","background-position":"center center","background-size":"auto","background-attachment":"scroll","background-type":"","background-media":"","overlay-type":"","overlay-color":"","overlay-gradient":""}},"footnotes":""},"yoast_head":"<!-- This site is optimized with the Yoast SEO plugin v22.4 - https:\/\/yoast.com\/wordpress\/plugins\/seo\/ -->\n<title>Accesoires - Ploegtech<\/title>\n<meta name=\"robots\" content=\"index, follow, max-snippet:-1, max-image-preview:large, max-video-preview:-1\" \/>\n<link rel=\"canonical\" href=\"https:\/\/ploegtech.com\/index.php\/elementor-2135\/\" \/>\n<meta property=\"og:locale\" content=\"fr_FR\" \/>\n<meta property=\"og:type\" content=\"article\" \/>\n<meta property=\"og:title\" content=\"Accesoires - Ploegtech\" \/>\n<meta property=\"og:description\" content=\"Belfracars Accessoires Automobile Terminer votre exp\u00e9rience Belfracars avec des accessoires pour votre nouveau v\u00e9hicule. Ajouter une option manquante d\u00e9finissez votre style\u00a0 Ajoutez votre touche perso Accessoires de qualit\u00e9 fournis par notre partenaire Ploegtech.com\u00a0 Featured Brands:\" \/>\n<meta property=\"og:url\" content=\"https:\/\/ploegtech.com\/index.php\/elementor-2135\/\" \/>\n<meta property=\"og:site_name\" content=\"Ploegtech\" \/>\n<meta property=\"article:publisher\" content=\"https:\/\/www.facebook.com\/PloegTech\/\" \/>\n<meta property=\"article:modified_time\" content=\"2021-01-12T17:34:18+00:00\" \/>\n<meta property=\"og:image\" content=\"https:\/\/ploegtech.com\/wp-content\/uploads\/2020\/12\/logo-volkswagen.jpg\" \/>\n<meta name=\"twitter:card\" content=\"summary_large_image\" \/>\n<script type=\"application\/ld+json\" class=\"yoast-schema-graph\">{\"@context\":\"https:\/\/schema.org\",\"@graph\":[{\"@type\":\"WebPage\",\"@id\":\"https:\/\/ploegtech.com\/index.php\/elementor-2135\/\",\"url\":\"https:\/\/ploegtech.com\/index.php\/elementor-2135\/\",\"name\":\"Accesoires - Ploegtech\",\"isPartOf\":{\"@id\":\"https:\/\/ploegtech.com\/#website\"},\"primaryImageOfPage\":{\"@id\":\"https:\/\/ploegtech.com\/index.php\/elementor-2135\/#primaryimage\"},\"image\":{\"@id\":\"https:\/\/ploegtech.com\/index.php\/elementor-2135\/#primaryimage\"},\"thumbnailUrl\":\"https:\/\/ploegtech.com\/wp-content\/uploads\/2020\/12\/logo-volkswagen.jpg\",\"datePublished\":\"2020-12-04T17:57:03+00:00\",\"dateModified\":\"2021-01-12T17:34:18+00:00\",\"breadcrumb\":{\"@id\":\"https:\/\/ploegtech.com\/index.php\/elementor-2135\/#breadcrumb\"},\"inLanguage\":\"fr-FR\",\"potentialAction\":[{\"@type\":\"ReadAction\",\"target\":[\"https:\/\/ploegtech.com\/index.php\/elementor-2135\/\"]}]},{\"@type\":\"ImageObject\",\"inLanguage\":\"fr-FR\",\"@id\":\"https:\/\/ploegtech.com\/index.php\/elementor-2135\/#primaryimage\",\"url\":\"https:\/\/ploegtech.com\/wp-content\/uploads\/2020\/12\/logo-volkswagen.jpg\",\"contentUrl\":\"https:\/\/ploegtech.com\/wp-content\/uploads\/2020\/12\/logo-volkswagen.jpg\",\"width\":900,\"height\":500},{\"@type\":\"BreadcrumbList\",\"@id\":\"https:\/\/ploegtech.com\/index.php\/elementor-2135\/#breadcrumb\",\"itemListElement\":[{\"@type\":\"ListItem\",\"position\":1,\"name\":\"Accueil\",\"item\":\"https:\/\/ploegtech.com\/\"},{\"@type\":\"ListItem\",\"position\":2,\"name\":\"Accesoires\"}]},{\"@type\":\"WebSite\",\"@id\":\"https:\/\/ploegtech.com\/#website\",\"url\":\"https:\/\/ploegtech.com\/\",\"name\":\"Ploegtech\",\"description\":\"Give your device a 2nd chance\",\"potentialAction\":[{\"@type\":\"SearchAction\",\"target\":{\"@type\":\"EntryPoint\",\"urlTemplate\":\"https:\/\/ploegtech.com\/?s={search_term_string}\"},\"query-input\":\"required name=search_term_string\"}],\"inLanguage\":\"fr-FR\"}]}<\/script>\n<!-- \/ Yoast SEO plugin. -->","yoast_head_json":{"title":"Accesoires - Ploegtech","robots":{"index":"index","follow":"follow","max-snippet":"max-snippet:-1","max-image-preview":"max-image-preview:large","max-video-preview":"max-video-preview:-1"},"canonical":"https:\/\/ploegtech.com\/index.php\/elementor-2135\/","og_locale":"fr_FR","og_type":"article","og_title":"Accesoires - Ploegtech","og_description":"Belfracars Accessoires Automobile Terminer votre exp\u00e9rience Belfracars avec des accessoires pour votre nouveau v\u00e9hicule. Ajouter une option manquante d\u00e9finissez votre style\u00a0 Ajoutez votre touche perso Accessoires de qualit\u00e9 fournis par notre partenaire Ploegtech.com\u00a0 Featured Brands:","og_url":"https:\/\/ploegtech.com\/index.php\/elementor-2135\/","og_site_name":"Ploegtech","article_publisher":"https:\/\/www.facebook.com\/PloegTech\/","article_modified_time":"2021-01-12T17:34:18+00:00","og_image":[{"url":"https:\/\/ploegtech.com\/wp-content\/uploads\/2020\/12\/logo-volkswagen.jpg"}],"twitter_card":"summary_large_image","schema":{"@context":"https:\/\/schema.org","@graph":[{"@type":"WebPage","@id":"https:\/\/ploegtech.com\/index.php\/elementor-2135\/","url":"https:\/\/ploegtech.com\/index.php\/elementor-2135\/","name":"Accesoires - Ploegtech","isPartOf":{"@id":"https:\/\/ploegtech.com\/#website"},"primaryImageOfPage":{"@id":"https:\/\/ploegtech.com\/index.php\/elementor-2135\/#primaryimage"},"image":{"@id":"https:\/\/ploegtech.com\/index.php\/elementor-2135\/#primaryimage"},"thumbnailUrl":"https:\/\/ploegtech.com\/wp-content\/uploads\/2020\/12\/logo-volkswagen.jpg","datePublished":"2020-12-04T17:57:03+00:00","dateModified":"2021-01-12T17:34:18+00:00","breadcrumb":{"@id":"https:\/\/ploegtech.com\/index.php\/elementor-2135\/#breadcrumb"},"inLanguage":"fr-FR","potentialAction":[{"@type":"ReadAction","target":["https:\/\/ploegtech.com\/index.php\/elementor-2135\/"]}]},{"@type":"ImageObject","inLanguage":"fr-FR","@id":"https:\/\/ploegtech.com\/index.php\/elementor-2135\/#primaryimage","url":"https:\/\/ploegtech.com\/wp-content\/uploads\/2020\/12\/logo-volkswagen.jpg","contentUrl":"https:\/\/ploegtech.com\/wp-content\/uploads\/2020\/12\/logo-volkswagen.jpg","width":900,"height":500},{"@type":"BreadcrumbList","@id":"https:\/\/ploegtech.com\/index.php\/elementor-2135\/#breadcrumb","itemListElement":[{"@type":"ListItem","position":1,"name":"Accueil","item":"https:\/\/ploegtech.com\/"},{"@type":"ListItem","position":2,"name":"Accesoires"}]},{"@type":"WebSite","@id":"https:\/\/ploegtech.com\/#website","url":"https:\/\/ploegtech.com\/","name":"Ploegtech","description":"Give your device a 2nd chance","potentialAction":[{"@type":"SearchAction","target":{"@type":"EntryPoint","urlTemplate":"https:\/\/ploegtech.com\/?s={search_term_string}"},"query-input":"required name=search_term_string"}],"inLanguage":"fr-FR"}]}},"_links":{"self":[{"href":"https:\/\/ploegtech.com\/index.php\/wp-json\/wp\/v2\/pages\/2135"}],"collection":[{"href":"https:\/\/ploegtech.com\/index.php\/wp-json\/wp\/v2\/pages"}],"about":[{"href":"https:\/\/ploegtech.com\/index.php\/wp-json\/wp\/v2\/types\/page"}],"author":[{"embeddable":true,"href":"https:\/\/ploegtech.com\/index.php\/wp-json\/wp\/v2\/users\/1"}],"replies":[{"embeddable":true,"href":"https:\/\/ploegtech.com\/index.php\/wp-json\/wp\/v2\/comments?post=2135"}],"version-history":[{"count":23,"href":"https:\/\/ploegtech.com\/index.php\/wp-json\/wp\/v2\/pages\/2135\/revisions"}],"predecessor-version":[{"id":2249,"href":"https:\/\/ploegtech.com\/index.php\/wp-json\/wp\/v2\/pages\/2135\/revisions\/2249"}],"wp:attachment":[{"href":"https:\/\/ploegtech.com\/index.php\/wp-json\/wp\/v2\/media?parent=2135"}],"curies":[{"name":"wp","href":"https:\/\/api.w.org\/{rel}","templated":true}]}}